{"id":2264,"date":"2023-08-04T14:35:21","date_gmt":"2023-08-04T12:35:21","guid":{"rendered":"https:\/\/wetra.nl\/edc\/?page_id=2264"},"modified":"2023-10-25T13:49:48","modified_gmt":"2023-10-25T11:49:48","slug":"vacature_chauffeur","status":"publish","type":"page","link":"https:\/\/wetra.nl\/edc\/vacature_chauffeur\/","title":{"rendered":"Vacatures Chauffeur"},"content":{"rendered":"<p><strong>Vacatures Fulltime chauffeur<\/strong><\/p>\n<p><strong>Fulltime chauffeur nationaal:<\/strong><br \/>\nBen je op zoek naar een baan als chauffeur en je wilt graag iedere avond thuis zijn, dan is deze functie wellicht iets voor jou!<br \/>\nIn deze functie word je ingezet in de distributie door geheel Nederland!<br \/>\nVereist:<br \/>\nRijbewijs: C of C+E<br \/>\nCode 95<br \/>\nChauffeurspas<\/p>\n<p><strong>Fulltime chauffeur internationaal:<\/strong><br \/>\nBen je op zoek naar een baan als chauffeur en overnachten is geen probleem, dan is deze functie wellicht iets voor jou!<br \/>\nIn deze functie word je ingezet in de distributie Benelux en Duitsland! Maximaal aantal nachten van huis bespreekbaar!<br \/>\nVereist:<br \/>\nRijbewijs: C+E<br \/>\nCode 95<br \/>\nChauffeurspas<\/p>\n<p>&nbsp;<\/p>\n<p><strong>Vacature\u00a0Parttime chauffeur<\/strong><\/p>\n<p><strong>Parttime chauffeur:<\/strong><br \/>\nBen je op zoek naar een baan als chauffeur voor enkele dagen in de week, dan is deze functie wellicht iets voor jou!<br \/>\nIn deze functie op maat kijken we samen naar mogelijkheden, die bij ons en u passen!<br \/>\nVereist:<br \/>\nRijbewijs: C of C+E<br \/>\nCode 95<br \/>\nChauffeurspas<\/p>\n<p>&nbsp;<\/p>\n<p><em>Bent u ge\u00efnteresseerd in \u00e9\u00e9n van de bovenstaande vacatures, stuur dan uw motivatie en c.v. per mail naar vacature@wetra.nl<\/em><br \/>\n<em>Hopelijk kunnen wij u snel uitnodigen voor een kennismakingsgesprek!\u00a0<\/em><\/p>\n<p><img loading=\"lazy\" decoding=\"async\" class=\"alignnone size-full wp-image-2261\" src=\"https:\/\/wetra.nl\/edc\/wp-content\/uploads\/2023\/08\/Altijd-verser.jpg\" alt=\"\" width=\"215\" height=\"62\" \/><\/p>\n","protected":false},"excerpt":{"rendered":"<p>Vacatures Fulltime chauffeur Fulltime chauffeur nationaal: Ben je op zoek naar een baan als chauffeur en je wilt graag iedere avond thuis zijn, dan is deze functie wellicht iets voor jou! In deze functie word je ingezet in de distributie door geheel Nederland! Vereist: Rijbewijs: C of C+E Code 95&#8230;<\/p>\n","protected":false},"author":3,"featured_media":0,"parent":0,"menu_order":0,"comment_status":"closed","ping_status":"closed","template":"","meta":{"footnotes":""},"class_list":["post-2264","page","type-page","status-publish","hentry"],"yoast_head":"<!-- This site is optimized with the Yoast SEO plugin v27.3 - https:\/\/yoast.com\/product\/yoast-seo-wordpress\/ -->\n<title>Vacatures Chauffeur - Wetra<\/title>\n<meta name=\"robots\" content=\"index, follow, max-snippet:-1, max-image-preview:large, max-video-preview:-1\" \/>\n<link rel=\"canonical\" href=\"https:\/\/wetra.nl\/edc\/vacature_chauffeur\/\" \/>\n<meta property=\"og:locale\" content=\"nl_NL\" \/>\n<meta property=\"og:type\" content=\"article\" \/>\n<meta property=\"og:title\" content=\"Vacatures Chauffeur - Wetra\" \/>\n<meta property=\"og:description\" content=\"Vacatures Fulltime chauffeur Fulltime chauffeur nationaal: Ben je op zoek naar een baan als chauffeur en je wilt graag iedere avond thuis zijn, dan is deze functie wellicht iets voor jou! In deze functie word je ingezet in de distributie door geheel Nederland! Vereist: Rijbewijs: C of C+E Code 95...\" \/>\n<meta property=\"og:url\" content=\"https:\/\/wetra.nl\/edc\/vacature_chauffeur\/\" \/>\n<meta property=\"og:site_name\" content=\"Wetra\" \/>\n<meta property=\"article:modified_time\" content=\"2023-10-25T11:49:48+00:00\" \/>\n<meta property=\"og:image\" content=\"https:\/\/wetra.nl\/edc\/wp-content\/uploads\/2023\/08\/Altijd-verser.jpg\" \/>\n<meta name=\"twitter:label1\" content=\"Geschatte leestijd\" \/>\n\t<meta name=\"twitter:data1\" content=\"2 minuten\" \/>\n<script type=\"application\/ld+json\" class=\"yoast-schema-graph\">{\"@context\":\"https:\\\/\\\/schema.org\",\"@graph\":[{\"@type\":\"WebPage\",\"@id\":\"https:\\\/\\\/wetra.nl\\\/edc\\\/vacature_chauffeur\\\/\",\"url\":\"https:\\\/\\\/wetra.nl\\\/edc\\\/vacature_chauffeur\\\/\",\"name\":\"Vacatures Chauffeur - Wetra\",\"isPartOf\":{\"@id\":\"https:\\\/\\\/wetra.nl\\\/edc\\\/#website\"},\"primaryImageOfPage\":{\"@id\":\"https:\\\/\\\/wetra.nl\\\/edc\\\/vacature_chauffeur\\\/#primaryimage\"},\"image\":{\"@id\":\"https:\\\/\\\/wetra.nl\\\/edc\\\/vacature_chauffeur\\\/#primaryimage\"},\"thumbnailUrl\":\"https:\\\/\\\/wetra.nl\\\/edc\\\/wp-content\\\/uploads\\\/2023\\\/08\\\/Altijd-verser.jpg\",\"datePublished\":\"2023-08-04T12:35:21+00:00\",\"dateModified\":\"2023-10-25T11:49:48+00:00\",\"breadcrumb\":{\"@id\":\"https:\\\/\\\/wetra.nl\\\/edc\\\/vacature_chauffeur\\\/#breadcrumb\"},\"inLanguage\":\"nl-NL\",\"potentialAction\":[{\"@type\":\"ReadAction\",\"target\":[\"https:\\\/\\\/wetra.nl\\\/edc\\\/vacature_chauffeur\\\/\"]}]},{\"@type\":\"ImageObject\",\"inLanguage\":\"nl-NL\",\"@id\":\"https:\\\/\\\/wetra.nl\\\/edc\\\/vacature_chauffeur\\\/#primaryimage\",\"url\":\"https:\\\/\\\/wetra.nl\\\/edc\\\/wp-content\\\/uploads\\\/2023\\\/08\\\/Altijd-verser.jpg\",\"contentUrl\":\"https:\\\/\\\/wetra.nl\\\/edc\\\/wp-content\\\/uploads\\\/2023\\\/08\\\/Altijd-verser.jpg\",\"width\":215,\"height\":62},{\"@type\":\"BreadcrumbList\",\"@id\":\"https:\\\/\\\/wetra.nl\\\/edc\\\/vacature_chauffeur\\\/#breadcrumb\",\"itemListElement\":[{\"@type\":\"ListItem\",\"position\":1,\"name\":\"Home\",\"item\":\"https:\\\/\\\/wetra.nl\\\/edc\\\/\"},{\"@type\":\"ListItem\",\"position\":2,\"name\":\"Vacatures Chauffeur\"}]},{\"@type\":\"WebSite\",\"@id\":\"https:\\\/\\\/wetra.nl\\\/edc\\\/#website\",\"url\":\"https:\\\/\\\/wetra.nl\\\/edc\\\/\",\"name\":\"Wetra\",\"description\":\"\",\"potentialAction\":[{\"@type\":\"SearchAction\",\"target\":{\"@type\":\"EntryPoint\",\"urlTemplate\":\"https:\\\/\\\/wetra.nl\\\/edc\\\/?s={search_term_string}\"},\"query-input\":{\"@type\":\"PropertyValueSpecification\",\"valueRequired\":true,\"valueName\":\"search_term_string\"}}],\"inLanguage\":\"nl-NL\"}]}<\/script>\n<!-- \/ Yoast SEO plugin. -->","yoast_head_json":{"title":"Vacatures Chauffeur - Wetra","robots":{"index":"index","follow":"follow","max-snippet":"max-snippet:-1","max-image-preview":"max-image-preview:large","max-video-preview":"max-video-preview:-1"},"canonical":"https:\/\/wetra.nl\/edc\/vacature_chauffeur\/","og_locale":"nl_NL","og_type":"article","og_title":"Vacatures Chauffeur - Wetra","og_description":"Vacatures Fulltime chauffeur Fulltime chauffeur nationaal: Ben je op zoek naar een baan als chauffeur en je wilt graag iedere avond thuis zijn, dan is deze functie wellicht iets voor jou! In deze functie word je ingezet in de distributie door geheel Nederland! Vereist: Rijbewijs: C of C+E Code 95...","og_url":"https:\/\/wetra.nl\/edc\/vacature_chauffeur\/","og_site_name":"Wetra","article_modified_time":"2023-10-25T11:49:48+00:00","og_image":[{"url":"https:\/\/wetra.nl\/edc\/wp-content\/uploads\/2023\/08\/Altijd-verser.jpg","type":"","width":"","height":""}],"twitter_misc":{"Geschatte leestijd":"2 minuten"},"schema":{"@context":"https:\/\/schema.org","@graph":[{"@type":"WebPage","@id":"https:\/\/wetra.nl\/edc\/vacature_chauffeur\/","url":"https:\/\/wetra.nl\/edc\/vacature_chauffeur\/","name":"Vacatures Chauffeur - Wetra","isPartOf":{"@id":"https:\/\/wetra.nl\/edc\/#website"},"primaryImageOfPage":{"@id":"https:\/\/wetra.nl\/edc\/vacature_chauffeur\/#primaryimage"},"image":{"@id":"https:\/\/wetra.nl\/edc\/vacature_chauffeur\/#primaryimage"},"thumbnailUrl":"https:\/\/wetra.nl\/edc\/wp-content\/uploads\/2023\/08\/Altijd-verser.jpg","datePublished":"2023-08-04T12:35:21+00:00","dateModified":"2023-10-25T11:49:48+00:00","breadcrumb":{"@id":"https:\/\/wetra.nl\/edc\/vacature_chauffeur\/#breadcrumb"},"inLanguage":"nl-NL","potentialAction":[{"@type":"ReadAction","target":["https:\/\/wetra.nl\/edc\/vacature_chauffeur\/"]}]},{"@type":"ImageObject","inLanguage":"nl-NL","@id":"https:\/\/wetra.nl\/edc\/vacature_chauffeur\/#primaryimage","url":"https:\/\/wetra.nl\/edc\/wp-content\/uploads\/2023\/08\/Altijd-verser.jpg","contentUrl":"https:\/\/wetra.nl\/edc\/wp-content\/uploads\/2023\/08\/Altijd-verser.jpg","width":215,"height":62},{"@type":"BreadcrumbList","@id":"https:\/\/wetra.nl\/edc\/vacature_chauffeur\/#breadcrumb","itemListElement":[{"@type":"ListItem","position":1,"name":"Home","item":"https:\/\/wetra.nl\/edc\/"},{"@type":"ListItem","position":2,"name":"Vacatures Chauffeur"}]},{"@type":"WebSite","@id":"https:\/\/wetra.nl\/edc\/#website","url":"https:\/\/wetra.nl\/edc\/","name":"Wetra","description":"","potentialAction":[{"@type":"SearchAction","target":{"@type":"EntryPoint","urlTemplate":"https:\/\/wetra.nl\/edc\/?s={search_term_string}"},"query-input":{"@type":"PropertyValueSpecification","valueRequired":true,"valueName":"search_term_string"}}],"inLanguage":"nl-NL"}]}},"_links":{"self":[{"href":"https:\/\/wetra.nl\/edc\/wp-json\/wp\/v2\/pages\/2264","targetHints":{"allow":["GET"]}}],"collection":[{"href":"https:\/\/wetra.nl\/edc\/wp-json\/wp\/v2\/pages"}],"about":[{"href":"https:\/\/wetra.nl\/edc\/wp-json\/wp\/v2\/types\/page"}],"author":[{"embeddable":true,"href":"https:\/\/wetra.nl\/edc\/wp-json\/wp\/v2\/users\/3"}],"replies":[{"embeddable":true,"href":"https:\/\/wetra.nl\/edc\/wp-json\/wp\/v2\/comments?post=2264"}],"version-history":[{"count":2,"href":"https:\/\/wetra.nl\/edc\/wp-json\/wp\/v2\/pages\/2264\/revisions"}],"predecessor-version":[{"id":2432,"href":"https:\/\/wetra.nl\/edc\/wp-json\/wp\/v2\/pages\/2264\/revisions\/2432"}],"wp:attachment":[{"href":"https:\/\/wetra.nl\/edc\/wp-json\/wp\/v2\/media?parent=2264"}],"curies":[{"name":"wp","href":"https:\/\/api.w.org\/{rel}","templated":true}]}}